{"id":827,"date":"2024-05-15T15:39:30","date_gmt":"2024-05-15T13:39:30","guid":{"rendered":"http:\/\/www.ifec-idf.fr\/?page_id=827"},"modified":"2024-11-08T15:35:05","modified_gmt":"2024-11-08T14:35:05","slug":"elections-croec-2024","status":"publish","type":"page","link":"https:\/\/www.ifec-idf.fr\/index.php\/elections-croec-2024\/","title":{"rendered":"Campagne \u00e9lections CROEC PARIS 2024"},"content":{"rendered":"\t\t<div data-elementor-type=\"wp-page\" data-elementor-id=\"827\" class=\"elementor elementor-827\" data-elementor-post-type=\"page\">\n\t\t\t\t\t\t\t\t\t<section class=\"elementor-section elementor-top-section elementor-element elementor-element-135edb3 elementor-section-boxed elementor-section-height-default elementor-section-height-default\" data-id=\"135edb3\" data-element_type=\"section\">\n\t\t\t\t\t\t<div class=\"elementor-container elementor-column-gap-default\">\n\t\t\t\t\t<div class=\"elementor-column elementor-col-100 elementor-top-column elementor-element elementor-element-7abf669\" data-id=\"7abf669\" data-element_type=\"column\">\n\t\t\t<div class=\"elementor-widget-wrap elementor-element-populated\">\n\t\t\t\t\t\t\t\t<div class=\"elementor-element elementor-element-57e74c4 elementor-widget__width-initial elementor-widget elementor-widget-text-editor\" data-id=\"57e74c4\" data-element_type=\"widget\" data-widget_type=\"text-editor.default\">\n\t\t\t\t<div class=\"elementor-widget-container\">\n\t\t\t<style>\/*! elementor - v3.14.0 - 26-06-2023 *\/\n.elementor-widget-text-editor.elementor-drop-cap-view-stacked .elementor-drop-cap{background-color:#69727d;color:#fff}.elementor-widget-text-editor.elementor-drop-cap-view-framed .elementor-drop-cap{color:#69727d;border:3px solid;background-color:transparent}.elementor-widget-text-editor:not(.elementor-drop-cap-view-default) .elementor-drop-cap{margin-top:8px}.elementor-widget-text-editor:not(.elementor-drop-cap-view-default) .elementor-drop-cap-letter{width:1em;height:1em}.elementor-widget-text-editor .elementor-drop-cap{float:left;text-align:center;line-height:1;font-size:50px}.elementor-widget-text-editor .elementor-drop-cap-letter{display:inline-block}<\/style>\t\t\t\t<p><span class=\"OYPEnA font-feature-liga-off font-feature-clig-off font-feature-calt-off text-decoration-none text-strikethrough-none\" style=\"font-weight: 400; font-style: normal; font-kerning: none;\"><strong>Sandrine COHEN-SOLAL,<\/strong>&nbsp;Candidate t\u00eate de liste CROEC IDF <\/span><span class=\"OYPEnA font-feature-liga-off font-feature-clig-off font-feature-calt-off text-decoration-none text-strikethrough-none\" style=\"font-weight: 400; font-style: normal; font-kerning: none;\">&amp; Pr\u00e9sidente section <\/span><span class=\"OYPEnA font-feature-liga-off font-feature-clig-off font-feature-calt-off text-decoration-none text-strikethrough-none\" style=\"font-weight: 400; font-style: normal; font-kerning: none;\">IFEC Paris Ile-de-France &amp;&nbsp; <strong>Delphine CABON, <\/strong><\/span><span class=\"OYPEnA font-feature-liga-off font-feature-clig-off font-feature-calt-off text-decoration-none text-strikethrough-none\">1\u00e8re colisti\u00e8re <\/span><span class=\"OYPEnA font-feature-liga-off font-feature-clig-off font-feature-calt-off text-decoration-none text-strikethrough-none\">CROEC IDF &amp; Membre <\/span><span class=\"OYPEnA font-feature-liga-off font-feature-clig-off font-feature-calt-off text-decoration-none text-strikethrough-none\">du bureau de la section <\/span><span class=\"OYPEnA font-feature-liga-off font-feature-clig-off font-feature-calt-off text-decoration-none text-strikethrough-none\">IFEC Paris Ile-de-France.<\/span><\/p>\t\t\t\t\t\t<\/div>\n\t\t\t\t<\/div>\n\t\t\t\t<div class=\"elementor-element elementor-element-ff7cc37 elementor-widget elementor-widget-image\" data-id=\"ff7cc37\" data-element_type=\"widget\" data-widget_type=\"image.default\">\n\t\t\t\t<div class=\"elementor-widget-container\">\n\t\t\t<style>\/*! elementor - v3.14.0 - 26-06-2023 *\/\n.elementor-widget-image{text-align:center}.elementor-widget-image a{display:inline-block}.elementor-widget-image a img[src$=\".svg\"]{width:48px}.elementor-widget-image img{vertical-align:middle;display:inline-block}<\/style>\t\t\t\t\t\t\t\t\t\t\t\t<img loading=\"lazy\" decoding=\"async\" width=\"790\" height=\"527\" src=\"https:\/\/www.ifec-idf.fr\/wp-content\/uploads\/2024\/07\/1720604220711-1024x683.jpg\" class=\"attachment-large size-large wp-image-1518\" alt=\"\" srcset=\"https:\/\/www.ifec-idf.fr\/wp-content\/uploads\/2024\/07\/1720604220711-1024x683.jpg 1024w, https:\/\/www.ifec-idf.fr\/wp-content\/uploads\/2024\/07\/1720604220711-300x200.jpg 300w, https:\/\/www.ifec-idf.fr\/wp-content\/uploads\/2024\/07\/1720604220711-768x512.jpg 768w, https:\/\/www.ifec-idf.fr\/wp-content\/uploads\/2024\/07\/1720604220711-1536x1024.jpg 1536w, https:\/\/www.ifec-idf.fr\/wp-content\/uploads\/2024\/07\/1720604220711.jpg 1600w\" sizes=\"auto, (max-width: 790px) 100vw, 790px\" \/>\t\t\t\t\t\t\t\t\t\t\t\t\t\t\t<\/div>\n\t\t\t\t<\/div>\n\t\t\t\t<div class=\"elementor-element elementor-element-35b1e59 elementor-widget-divider--view-line elementor-widget elementor-widget-divider\" data-id=\"35b1e59\" data-element_type=\"widget\" data-widget_type=\"divider.default\">\n\t\t\t\t<div class=\"elementor-widget-container\">\n\t\t\t<style>\/*! elementor - v3.14.0 - 26-06-2023 *\/\n.elementor-widget-divider{--divider-border-style:none;--divider-border-width:1px;--divider-color:#0c0d0e;--divider-icon-size:20px;--divider-element-spacing:10px;--divider-pattern-height:24px;--divider-pattern-size:20px;--divider-pattern-url:none;--divider-pattern-repeat:repeat-x}.elementor-widget-divider .elementor-divider{display:flex}.elementor-widget-divider .elementor-divider__text{font-size:15px;line-height:1;max-width:95%}.elementor-widget-divider .elementor-divider__element{margin:0 var(--divider-element-spacing);flex-shrink:0}.elementor-widget-divider .elementor-icon{font-size:var(--divider-icon-size)}.elementor-widget-divider .elementor-divider-separator{display:flex;margin:0;direction:ltr}.elementor-widget-divider--view-line_icon .elementor-divider-separator,.elementor-widget-divider--view-line_text .elementor-divider-separator{align-items:center}.elementor-widget-divider--view-line_icon .elementor-divider-separator:after,.elementor-widget-divider--view-line_icon .elementor-divider-separator:before,.elementor-widget-divider--view-line_text .elementor-divider-separator:after,.elementor-widget-divider--view-line_text .elementor-divider-separator:before{display:block;content:\"\";border-bottom:0;flex-grow:1;border-top:var(--divider-border-width) var(--divider-border-style) var(--divider-color)}.elementor-widget-divider--element-align-left .elementor-divider .elementor-divider-separator>.elementor-divider__svg:first-of-type{flex-grow:0;flex-shrink:100}.elementor-widget-divider--element-align-left .elementor-divider-separator:before{content:none}.elementor-widget-divider--element-align-left .elementor-divider__element{margin-left:0}.elementor-widget-divider--element-align-right .elementor-divider .elementor-divider-separator>.elementor-divider__svg:last-of-type{flex-grow:0;flex-shrink:100}.elementor-widget-divider--element-align-right .elementor-divider-separator:after{content:none}.elementor-widget-divider--element-align-right .elementor-divider__element{margin-right:0}.elementor-widget-divider:not(.elementor-widget-divider--view-line_text):not(.elementor-widget-divider--view-line_icon) .elementor-divider-separator{border-top:var(--divider-border-width) var(--divider-border-style) var(--divider-color)}.elementor-widget-divider--separator-type-pattern{--divider-border-style:none}.elementor-widget-divider--separator-type-pattern.elementor-widget-divider--view-line .elementor-divider-separator,.elementor-widget-divider--separator-type-pattern:not(.elementor-widget-divider--view-line) .elementor-divider-separator:after,.elementor-widget-divider--separator-type-pattern:not(.elementor-widget-divider--view-line) .elementor-divider-separator:before,.elementor-widget-divider--separator-type-pattern:not([class*=elementor-widget-divider--view]) .elementor-divider-separator{width:100%;min-height:var(--divider-pattern-height);-webkit-mask-size:var(--divider-pattern-size) 100%;mask-size:var(--divider-pattern-size) 100%;-webkit-mask-repeat:var(--divider-pattern-repeat);mask-repeat:var(--divider-pattern-repeat);background-color:var(--divider-color);-webkit-mask-image:var(--divider-pattern-url);mask-image:var(--divider-pattern-url)}.elementor-widget-divider--no-spacing{--divider-pattern-size:auto}.elementor-widget-divider--bg-round{--divider-pattern-repeat:round}.rtl .elementor-widget-divider .elementor-divider__text{direction:rtl}.e-con-inner>.elementor-widget-divider,.e-con>.elementor-widget-divider{width:var(--container-widget-width,100%);--flex-grow:var(--container-widget-flex-grow)}<\/style>\t\t<div class=\"elementor-divider\">\n\t\t\t<span class=\"elementor-divider-separator\">\n\t\t\t\t\t\t<\/span>\n\t\t<\/div>\n\t\t\t\t<\/div>\n\t\t\t\t<\/div>\n\t\t\t\t<div class=\"elementor-element elementor-element-efd1c2f elementor-widget elementor-widget-image\" data-id=\"efd1c2f\" data-element_type=\"widget\" data-widget_type=\"image.default\">\n\t\t\t\t<div class=\"elementor-widget-container\">\n\t\t\t\t\t\t\t\t\t\t\t\t\t\t\t\t<a href=\"https:\/\/www.ifec-idf.fr\/wp-content\/uploads\/2024\/11\/IFEC_ELECTION_CROEC_PARIS-1.pdf\">\n\t\t\t\t\t\t\t<img loading=\"lazy\" decoding=\"async\" width=\"724\" height=\"1024\" src=\"https:\/\/www.ifec-idf.fr\/wp-content\/uploads\/2024\/11\/IFEC_ELECTION_CROEC_PARIS-1-724x1024.png\" class=\"attachment-large size-large wp-image-1697\" alt=\"\" srcset=\"https:\/\/www.ifec-idf.fr\/wp-content\/uploads\/2024\/11\/IFEC_ELECTION_CROEC_PARIS-1-724x1024.png 724w, https:\/\/www.ifec-idf.fr\/wp-content\/uploads\/2024\/11\/IFEC_ELECTION_CROEC_PARIS-1-212x300.png 212w, https:\/\/www.ifec-idf.fr\/wp-content\/uploads\/2024\/11\/IFEC_ELECTION_CROEC_PARIS-1-768x1087.png 768w, https:\/\/www.ifec-idf.fr\/wp-content\/uploads\/2024\/11\/IFEC_ELECTION_CROEC_PARIS-1.png 827w\" sizes=\"auto, (max-width: 724px) 100vw, 724px\" \/>\t\t\t\t\t\t\t\t<\/a>\n\t\t\t\t\t\t\t\t\t\t\t\t\t\t\t<\/div>\n\t\t\t\t<\/div>\n\t\t\t\t<div class=\"elementor-element elementor-element-deab354 elementor-widget-divider--view-line elementor-widget elementor-widget-divider\" data-id=\"deab354\" data-element_type=\"widget\" data-widget_type=\"divider.default\">\n\t\t\t\t<div class=\"elementor-widget-container\">\n\t\t\t\t\t<div class=\"elementor-divider\">\n\t\t\t<span class=\"elementor-divider-separator\">\n\t\t\t\t\t\t<\/span>\n\t\t<\/div>\n\t\t\t\t<\/div>\n\t\t\t\t<\/div>\n\t\t\t\t<div class=\"elementor-element elementor-element-2b82e05 elementor-widget elementor-widget-text-editor\" data-id=\"2b82e05\" data-element_type=\"widget\" data-widget_type=\"text-editor.default\">\n\t\t\t\t<div class=\"elementor-widget-container\">\n\t\t\t\t\t\t\t<p>Webinaires de l&rsquo;\u00e9quipe IFEC PARIS&nbsp;<\/p>\t\t\t\t\t\t<\/div>\n\t\t\t\t<\/div>\n\t\t\t\t<div class=\"elementor-element elementor-element-04f9b3a elementor-widget elementor-widget-text-editor\" data-id=\"04f9b3a\" data-element_type=\"widget\" data-widget_type=\"text-editor.default\">\n\t\t\t\t<div class=\"elementor-widget-container\">\n\t\t\t\t\t\t\t<p><span style=\"color: #0d0d0d; font-family: Roboto, Noto, sans-serif; font-size: 15px; font-style: normal; white-space-collapse: preserve;\"><u><b>Webinaire 1 :<\/b><\/u> \u00ab\u00a0Comment cr\u00e9er un \u00e9cosyst\u00e8me pluridisplinaire pour mieux d\u00e9velopper nos missions\u00a0\u00bb avec Julien PATRY et CHAKIB HAFIANI. <\/span><\/p>\t\t\t\t\t\t<\/div>\n\t\t\t\t<\/div>\n\t\t\t\t<div class=\"elementor-element elementor-element-a066366 elementor-widget elementor-widget-video\" data-id=\"a066366\" data-element_type=\"widget\" data-settings=\"{&quot;youtube_url&quot;:&quot;https:\\\/\\\/youtu.be\\\/PZVrdHEXhqc&quot;,&quot;video_type&quot;:&quot;youtube&quot;,&quot;controls&quot;:&quot;yes&quot;}\" data-widget_type=\"video.default\">\n\t\t\t\t<div class=\"elementor-widget-container\">\n\t\t\t<style>\/*! elementor - v3.14.0 - 26-06-2023 *\/\n.elementor-widget-video .elementor-widget-container{overflow:hidden;transform:translateZ(0)}.elementor-widget-video .elementor-wrapper{aspect-ratio:var(--video-aspect-ratio)}.elementor-widget-video .elementor-wrapper iframe,.elementor-widget-video .elementor-wrapper video{height:100%;width:100%;display:flex;border:none;background-color:#000}@supports not (aspect-ratio:1\/1){.elementor-widget-video .elementor-wrapper{position:relative;overflow:hidden;height:0;padding-bottom:calc(100% \/ var(--video-aspect-ratio))}.elementor-widget-video .elementor-wrapper iframe,.elementor-widget-video .elementor-wrapper video{position:absolute;top:0;right:0;bottom:0;left:0}}.elementor-widget-video .elementor-open-inline .elementor-custom-embed-image-overlay{position:absolute;top:0;left:0;width:100%;height:100%;background-size:cover;background-position:50%}.elementor-widget-video .elementor-custom-embed-image-overlay{cursor:pointer;text-align:center}.elementor-widget-video .elementor-custom-embed-image-overlay:hover .elementor-custom-embed-play i{opacity:1}.elementor-widget-video .elementor-custom-embed-image-overlay img{display:block;width:100%}.elementor-widget-video .e-hosted-video .elementor-video{-o-object-fit:cover;object-fit:cover}.e-con-inner>.elementor-widget-video,.e-con>.elementor-widget-video{width:var(--container-widget-width);--flex-grow:var(--container-widget-flex-grow)}<\/style>\t\t<div class=\"elementor-wrapper elementor-open-inline\">\n\t\t\t<div class=\"elementor-video\"><\/div>\t\t<\/div>\n\t\t\t\t<\/div>\n\t\t\t\t<\/div>\n\t\t\t\t<div class=\"elementor-element elementor-element-b450c2d elementor-widget elementor-widget-text-editor\" data-id=\"b450c2d\" data-element_type=\"widget\" data-widget_type=\"text-editor.default\">\n\t\t\t\t<div class=\"elementor-widget-container\">\n\t\t\t\t\t\t\t<p>\u00a0<\/p><p><span style=\"color: #0d0d0d; font-family: Roboto, Noto, sans-serif; font-size: 15px; font-style: normal; white-space-collapse: preserve;\"><u><b>Webinaire 2 :<\/b><\/u> <\/span><span style=\"color: #0d0d0d; font-family: Roboto, Noto, sans-serif; font-size: 15px; font-style: normal; font-weight: 400; white-space-collapse: preserve;\">\u00ab\u00a0Comment remettre plus de proximit\u00e9 entre l&rsquo;Ordre et les confr\u00e8res\u00a0\u00bb avec Sandrine COHEN SOLAL et Delphine CABON. <\/span><\/p>\t\t\t\t\t\t<\/div>\n\t\t\t\t<\/div>\n\t\t\t\t<div class=\"elementor-element elementor-element-3e81171 elementor-widget elementor-widget-video\" data-id=\"3e81171\" data-element_type=\"widget\" data-settings=\"{&quot;youtube_url&quot;:&quot;https:\\\/\\\/youtu.be\\\/BgL4fpYyTDQ&quot;,&quot;video_type&quot;:&quot;youtube&quot;,&quot;controls&quot;:&quot;yes&quot;}\" data-widget_type=\"video.default\">\n\t\t\t\t<div class=\"elementor-widget-container\">\n\t\t\t\t\t<div class=\"elementor-wrapper elementor-open-inline\">\n\t\t\t<div class=\"elementor-video\"><\/div>\t\t<\/div>\n\t\t\t\t<\/div>\n\t\t\t\t<\/div>\n\t\t\t\t<div class=\"elementor-element elementor-element-d2d64f0 elementor-widget elementor-widget-text-editor\" data-id=\"d2d64f0\" data-element_type=\"widget\" data-widget_type=\"text-editor.default\">\n\t\t\t\t<div class=\"elementor-widget-container\">\n\t\t\t\t\t\t\t<p>\u00a0<\/p><p><span style=\"color: #0d0d0d; font-family: Roboto, Noto, sans-serif; font-size: 15px; font-style: normal; white-space-collapse: preserve;\"><u><b>Webinaire 3 :<\/b><\/u> \u00ab\u00a0<\/span><span style=\"color: #0d0d0d; font-family: Roboto, Noto, sans-serif; font-size: 15px; font-style: normal; font-weight: 400; white-space-collapse: preserve;\">Comment accompagner et aider nos jeunes confr\u00e8res \u00e0 s&rsquo;installer ?\u00a0\u00bb<\/span><span style=\"color: #0d0d0d; font-family: Roboto, Noto, sans-serif; font-size: 15px; font-style: normal; font-weight: 400; white-space-collapse: preserve;\"> avec Jonathan KHALFA et Ylan QUAZIZ.<\/span><\/p>\t\t\t\t\t\t<\/div>\n\t\t\t\t<\/div>\n\t\t\t\t<div class=\"elementor-element elementor-element-9e3227c elementor-widget elementor-widget-video\" data-id=\"9e3227c\" data-element_type=\"widget\" data-settings=\"{&quot;youtube_url&quot;:&quot;https:\\\/\\\/youtu.be\\\/dKjLLkBIYdA&quot;,&quot;video_type&quot;:&quot;youtube&quot;,&quot;controls&quot;:&quot;yes&quot;}\" data-widget_type=\"video.default\">\n\t\t\t\t<div class=\"elementor-widget-container\">\n\t\t\t\t\t<div class=\"elementor-wrapper elementor-open-inline\">\n\t\t\t<div class=\"elementor-video\"><\/div>\t\t<\/div>\n\t\t\t\t<\/div>\n\t\t\t\t<\/div>\n\t\t\t\t\t<\/div>\n\t\t<\/div>\n\t\t\t\t\t\t\t<\/div>\n\t\t<\/section>\n\t\t\t\t<section class=\"elementor-section elementor-top-section elementor-element elementor-element-610c94b elementor-section-boxed elementor-section-height-default elementor-section-height-default\" data-id=\"610c94b\" data-element_type=\"section\">\n\t\t\t\t\t\t<div class=\"elementor-container elementor-column-gap-default\">\n\t\t\t\t\t<div class=\"elementor-column elementor-col-100 elementor-top-column elementor-element elementor-element-7297292\" data-id=\"7297292\" data-element_type=\"column\">\n\t\t\t<div class=\"elementor-widget-wrap elementor-element-populated\">\n\t\t\t\t\t\t\t\t<div class=\"elementor-element elementor-element-31ec6e9 elementor-widget elementor-widget-text-editor\" data-id=\"31ec6e9\" data-element_type=\"widget\" data-widget_type=\"text-editor.default\">\n\t\t\t\t<div class=\"elementor-widget-container\">\n\t\t\t\t\t\t\t<p><span style=\"color: #0d0d0d; font-family: Roboto, Noto, sans-serif; font-size: 15px; font-style: normal; white-space-collapse: preserve;\"><u><b>\u00a0<\/b><\/u><\/span><\/p><p><span style=\"color: #0d0d0d; font-family: Roboto, Noto, sans-serif; font-size: 15px; font-style: normal; white-space-collapse: preserve;\"><u><b>Webinaire 6 :<\/b><\/u> \u00ab\u00a0<\/span><span style=\"color: #0d0d0d; font-family: Roboto, Noto, sans-serif; font-size: 15px; font-style: normal; font-weight: 400; white-space-collapse: preserve;\">Comment r\u00e9cr\u00e9er des liens forts entre la profession et les fili\u00e8res de formation ?\u00a0\u00bb avec Nicolas MAJOR et Max PEUVRIER. <\/span><\/p>\t\t\t\t\t\t<\/div>\n\t\t\t\t<\/div>\n\t\t\t\t<div class=\"elementor-element elementor-element-325e76d elementor-widget elementor-widget-video\" data-id=\"325e76d\" data-element_type=\"widget\" data-settings=\"{&quot;youtube_url&quot;:&quot;https:\\\/\\\/youtu.be\\\/tdTMb484DeY&quot;,&quot;video_type&quot;:&quot;youtube&quot;,&quot;controls&quot;:&quot;yes&quot;}\" data-widget_type=\"video.default\">\n\t\t\t\t<div class=\"elementor-widget-container\">\n\t\t\t\t\t<div class=\"elementor-wrapper elementor-open-inline\">\n\t\t\t<div class=\"elementor-video\"><\/div>\t\t<\/div>\n\t\t\t\t<\/div>\n\t\t\t\t<\/div>\n\t\t\t\t<div class=\"elementor-element elementor-element-44151fe elementor-widget elementor-widget-text-editor\" data-id=\"44151fe\" data-element_type=\"widget\" data-widget_type=\"text-editor.default\">\n\t\t\t\t<div class=\"elementor-widget-container\">\n\t\t\t\t\t\t\t<p><span style=\"color: #0d0d0d; font-family: Roboto, Noto, sans-serif; font-size: 15px; font-style: normal; white-space-collapse: preserve;\"><u><b>\u00a0<\/b><\/u><\/span><\/p><p><span style=\"color: #0d0d0d; font-family: Roboto, Noto, sans-serif; font-size: 15px; font-style: normal; white-space-collapse: preserve;\"><u><b>Webinaire :<\/b><\/u> \u00ab\u00a0<\/span><span style=\"color: #0d0d0d; font-family: Roboto, Noto, sans-serif; font-size: 15px; font-style: normal; font-weight: 400; white-space-collapse: preserve;\"> Comment s\u00e9curiser nos relations avec les partenaires ?<\/span><span style=\"color: #0d0d0d; font-family: Roboto, Noto, sans-serif; font-size: 15px; font-style: normal; font-weight: 400; white-space-collapse: preserve;\">\u00a0\u00bb avec Michel JOLLY et Dominique PERRIER. <\/span><\/p>\t\t\t\t\t\t<\/div>\n\t\t\t\t<\/div>\n\t\t\t\t<div class=\"elementor-element elementor-element-b89c58c elementor-widget elementor-widget-video\" data-id=\"b89c58c\" data-element_type=\"widget\" data-settings=\"{&quot;youtube_url&quot;:&quot;https:\\\/\\\/youtu.be\\\/5Y6maVE07sM&quot;,&quot;video_type&quot;:&quot;youtube&quot;,&quot;controls&quot;:&quot;yes&quot;}\" data-widget_type=\"video.default\">\n\t\t\t\t<div class=\"elementor-widget-container\">\n\t\t\t\t\t<div class=\"elementor-wrapper elementor-open-inline\">\n\t\t\t<div class=\"elementor-video\"><\/div>\t\t<\/div>\n\t\t\t\t<\/div>\n\t\t\t\t<\/div>\n\t\t\t\t\t<\/div>\n\t\t<\/div>\n\t\t\t\t\t\t\t<\/div>\n\t\t<\/section>\n\t\t\t\t\t\t\t<\/div>\n\t\t","protected":false},"excerpt":{"rendered":"<p>Sandrine COHEN-SOLAL,&nbsp;Candidate t\u00eate de liste CROEC IDF &amp; Pr\u00e9sidente section IFEC Paris Ile-de-France &amp;&nbsp; Delphine CABON, 1\u00e8re colisti\u00e8re CROEC IDF&hellip; <\/p>\n","protected":false},"author":2,"featured_media":0,"parent":0,"menu_order":0,"comment_status":"closed","ping_status":"closed","template":"","meta":{"footnotes":""},"class_list":["post-827","page","type-page","status-publish","hentry"],"_links":{"self":[{"href":"https:\/\/www.ifec-idf.fr\/index.php\/wp-json\/wp\/v2\/pages\/827","targetHints":{"allow":["GET"]}}],"collection":[{"href":"https:\/\/www.ifec-idf.fr\/index.php\/wp-json\/wp\/v2\/pages"}],"about":[{"href":"https:\/\/www.ifec-idf.fr\/index.php\/wp-json\/wp\/v2\/types\/page"}],"author":[{"embeddable":true,"href":"https:\/\/www.ifec-idf.fr\/index.php\/wp-json\/wp\/v2\/users\/2"}],"replies":[{"embeddable":true,"href":"https:\/\/www.ifec-idf.fr\/index.php\/wp-json\/wp\/v2\/comments?post=827"}],"version-history":[{"count":75,"href":"https:\/\/www.ifec-idf.fr\/index.php\/wp-json\/wp\/v2\/pages\/827\/revisions"}],"predecessor-version":[{"id":1702,"href":"https:\/\/www.ifec-idf.fr\/index.php\/wp-json\/wp\/v2\/pages\/827\/revisions\/1702"}],"wp:attachment":[{"href":"https:\/\/www.ifec-idf.fr\/index.php\/wp-json\/wp\/v2\/media?parent=827"}],"curies":[{"name":"wp","href":"https:\/\/api.w.org\/{rel}","templated":true}]}}